{"id":2223,"date":"2023-12-29T19:09:36","date_gmt":"2023-12-29T17:09:36","guid":{"rendered":"https:\/\/comparadorvidencia.com\/?page_id=2223"},"modified":"2024-03-26T05:29:45","modified_gmt":"2024-03-26T03:29:45","slug":"preguntas-frecuentes","status":"publish","type":"page","link":"https:\/\/comparadorvidencia.com\/es\/preguntas-frecuentes\/","title":{"rendered":"Preguntas frecuentes"},"content":{"rendered":"<h2>\u00bfQu\u00e9 toma en cuenta Comparadorvidencia para su ranking de p\u00e1ginas de astrolog\u00eda, clarividenca y mediumnidad?<\/h2>\n<p>Comparador videncia realiza una lista de los mejores sitios web de\u00a0 Videncia, Mediumnidad, Astrolog\u00eda, Tarolog\u00eda, Cartomancia, etc. Es dif\u00edcil encontrar en la web p\u00e1ginas que sean confiables, por lo que hemos comparado muchas, tomando en cuenta los siguientes puntos:\u00a0<\/p>\n<p>Tarifas por minuto<\/p>\n<p>N\u00famero de m\u00e9diums, ps\u00edquicos y videntes disponibles\u00a0<\/p>\n<p>Servicio al cliente<\/p>\n<p>Comentarios de los usuarios<\/p>\n<p>Experiencia de usuario en el sitio web<\/p>\n<p>M\u00e9todos de pago<\/p>\n<p>Todas las p\u00e1ginas listadas se han probado y evaluado para que puedas encontrar la mejor lectura de acuerdo a tus necesidades astrol\u00f3gicas. En el comparador, encontrar\u00e1s destacadas las fortalezas de cada p\u00e1gina, as\u00ed como la cantidad de usuarios que han votado por ella. Tambi\u00e9n puedes leer las opiniones de las personas directamente, para saber si es el sitio astrol\u00f3gico m\u00e1s adecuado para ti.\u00a0<\/p>\n<h2>\u00bfPor qu\u00e9 buscar\u00eda una lectura ps\u00edquica?<\/h2>\n<p>Hay muchas razones por las que las personas buscan una lectura ps\u00edquica. Para algunos, es para encontrar consuelo en un momento dif\u00edcil de sus vidas. Otros pueden buscar gu\u00eda en temas del amor y el coraz\u00f3n. Por supuesto, tambi\u00e9n est\u00e1n los que las buscan por entretenimiento y curiosidad. Sea cual sea la raz\u00f3n, con nuestro comparador ser\u00e1 m\u00e1s sencillo encontrar los mejores sitios de astrolog\u00eda, ya que hemos comparado las experiencias de usuarios y otros factores para encontrar los mejores sitios de astrolog\u00eda. Nosotros nos encargamos de seleccionar los mejores para que puedas hacer tu lectura con mucha mayor confianza y quedes mucho m\u00e1s satisfecho.\u00a0<\/p>\n<h2>\u00bfQu\u00e9 ventajas tiene una lectura online a una presencial?<\/h2>\n<p><strong>Es conveniente:<\/strong> ya que es m\u00e1s factible encontrar ps\u00edquicos 24\/7 dependiendo de tus tiempos y necesidades, simplemente con el click de un bot\u00f3n. Con nuestro <a href=\"https:\/\/comparadorvidencia.com\/es\/\">comparador de astrolog\u00eda<\/a> es mucho m\u00e1s sencillo localizar los mejores sitios para realizar lecturas.\u00a0<\/p>\n<p><strong>Hay muchos ps\u00edquicos y tipos de lecturas: <\/strong>es m\u00e1s sencillo encontrar lo que buscas si es que requieres de una lectura muy espec\u00edfica.\u00a0<\/p>\n<p><strong>Promociones, descuentos y m\u00faltiples formas de pago:<\/strong> una ventaja definitiva es que puedes tener acceso a distintas formas de pago, promociones y hasta descuentos por medio de los sitios web.\u00a0<\/p>\n<h2>\u00bfQu\u00e9 tipo de lecturas pueden conseguirse online?<\/h2>\n<p>Lectura de carta astral<\/p>\n<p>Lectura de cartas del tarot<\/p>\n<p>Lectura de runas<\/p>\n<p>Lecturas de la mano<\/p>\n<p>Numerlogog\u00eda<\/p>\n<p>An\u00e1lisis de sue\u00f1os<\/p>\n<p>Lecturas de amor<\/p>\n<h3>\u00bfTienes alguna otra pregunta?<\/h3>\n<p>Cont\u00e1ctanos a trav\u00e9s de<a href=\"https:\/\/comparadorvidencia.com\/es\/contactenos\/\"> este formato<\/a> y con gusto responderemos tus dudas.\u00a0<\/p>\n<p>&nbsp;<\/p>","protected":false},"excerpt":{"rendered":"<p>\u00bfQu\u00e9 toma en cuenta Comparadorvidencia para su ranking de p\u00e1ginas de astrolog\u00eda, clarividenca y mediumnidad? Comparador videncia realiza una lista de los mejores sitios web de\u00a0 Videncia, Mediumnidad, Astrolog\u00eda, Tarolog\u00eda, Cartomancia, etc. Es dif\u00edcil encontrar en la web p\u00e1ginas que sean confiables, por lo que hemos comparado muchas, tomando en cuenta los siguientes puntos:\u00a0 Tarifas [&hellip;]<\/p>","protected":false},"author":4,"featured_media":0,"parent":0,"menu_order":0,"comment_status":"closed","ping_status":"closed","template":"","meta":{"inline_featured_image":false,"footnotes":""},"page-type":[],"class_list":["post-2223","page","type-page","status-publish","hentry"],"acf":[],"yoast_head":"<!-- This site is optimized with the Yoast SEO plugin v20.8 - https:\/\/yoast.com\/wordpress\/plugins\/seo\/ -->\n<title>Preguntas frecuentes - ComparadorVidencia<\/title>\n<meta name=\"description\" content=\"\u00bfC\u00f3mo puede ser nuestro sitio la mejor herramienta para encontrar las mejores p\u00e1ginas astrol\u00f3gicas y lecturas?\" \/>\n<meta name=\"robots\" content=\"index, follow, max-snippet:-1, max-image-preview:large, max-video-preview:-1\" \/>\n<link rel=\"canonical\" href=\"https:\/\/comparadorvidencia.com\/es\/preguntas-frecuentes\/\" \/>\n<meta property=\"og:locale\" content=\"es_ES\" \/>\n<meta property=\"og:type\" content=\"article\" \/>\n<meta property=\"og:title\" content=\"Preguntas frecuentes - ComparadorVidencia\" \/>\n<meta property=\"og:description\" content=\"\u00bfC\u00f3mo puede ser nuestro sitio la mejor herramienta para encontrar las mejores p\u00e1ginas astrol\u00f3gicas y lecturas?\" \/>\n<meta property=\"og:url\" content=\"https:\/\/comparadorvidencia.com\/es\/preguntas-frecuentes\/\" \/>\n<meta property=\"og:site_name\" content=\"ComparadorVidencia\" \/>\n<meta property=\"article:modified_time\" content=\"2024-03-26T03:29:45+00:00\" \/>\n<meta name=\"twitter:card\" content=\"summary_large_image\" \/>\n<meta name=\"twitter:label1\" content=\"Tiempo de lectura\" \/>\n\t<meta name=\"twitter:data1\" content=\"2 minutos\" \/>\n<script type=\"application\/ld+json\" class=\"yoast-schema-graph\">{\"@context\":\"https:\/\/schema.org\",\"@graph\":[{\"@type\":[\"Article\",\"BlogPosting\"],\"@id\":\"https:\/\/comparadorvidencia.com\/preguntas-frecuentes\/#article\",\"isPartOf\":{\"@id\":\"https:\/\/comparadorvidencia.com\/preguntas-frecuentes\/\"},\"author\":{\"name\":\"DGS\",\"@id\":\"https:\/\/comparadorvidencia.com\/#\/schema\/person\/6277d2b6e0248338c3218959d8bc1c9d\"},\"headline\":\"Preguntas frecuentes\",\"datePublished\":\"2023-12-29T17:09:36+00:00\",\"dateModified\":\"2024-03-26T03:29:45+00:00\",\"mainEntityOfPage\":{\"@id\":\"https:\/\/comparadorvidencia.com\/preguntas-frecuentes\/\"},\"wordCount\":448,\"publisher\":{\"@id\":\"https:\/\/comparadorvidencia.com\/#organization\"},\"inLanguage\":\"es\"},{\"@type\":\"WebPage\",\"@id\":\"https:\/\/comparadorvidencia.com\/preguntas-frecuentes\/\",\"url\":\"https:\/\/comparadorvidencia.com\/preguntas-frecuentes\/\",\"name\":\"Preguntas frecuentes - ComparadorVidencia\",\"isPartOf\":{\"@id\":\"https:\/\/comparadorvidencia.com\/#website\"},\"datePublished\":\"2023-12-29T17:09:36+00:00\",\"dateModified\":\"2024-03-26T03:29:45+00:00\",\"description\":\"\u00bfC\u00f3mo puede ser nuestro sitio la mejor herramienta para encontrar las mejores p\u00e1ginas astrol\u00f3gicas y lecturas?\",\"breadcrumb\":{\"@id\":\"https:\/\/comparadorvidencia.com\/preguntas-frecuentes\/#breadcrumb\"},\"inLanguage\":\"es\",\"potentialAction\":[{\"@type\":\"ReadAction\",\"target\":[\"https:\/\/comparadorvidencia.com\/preguntas-frecuentes\/\"]}]},{\"@type\":\"BreadcrumbList\",\"@id\":\"https:\/\/comparadorvidencia.com\/preguntas-frecuentes\/#breadcrumb\",\"itemListElement\":[{\"@type\":\"ListItem\",\"position\":1,\"name\":\"Home\",\"item\":\"https:\/\/comparadorvidencia.com\/es\/\"},{\"@type\":\"ListItem\",\"position\":2,\"name\":\"Preguntas frecuentes\"}]},{\"@type\":\"WebSite\",\"@id\":\"https:\/\/comparadorvidencia.com\/#website\",\"url\":\"https:\/\/comparadorvidencia.com\/\",\"name\":\"ComparadorVidencia\",\"description\":\"ComparadorVidencia\",\"publisher\":{\"@id\":\"https:\/\/comparadorvidencia.com\/#organization\"},\"alternateName\":\"ComparadorVidencia\",\"potentialAction\":[{\"@type\":\"SearchAction\",\"target\":{\"@type\":\"EntryPoint\",\"urlTemplate\":\"https:\/\/comparadorvidencia.com\/?s={search_term_string}\"},\"query-input\":\"required name=search_term_string\"}],\"inLanguage\":\"es\"},{\"@type\":\"Organization\",\"@id\":\"https:\/\/comparadorvidencia.com\/#organization\",\"name\":\"ComparadorVidencia\",\"alternateName\":\"ComparadorVidencia\",\"url\":\"https:\/\/comparadorvidencia.com\/\",\"logo\":{\"@type\":\"ImageObject\",\"inLanguage\":\"es\",\"@id\":\"https:\/\/comparadorvidencia.com\/#\/schema\/logo\/image\/\",\"url\":\"https:\/\/comparadorvidencia.com\/wp-content\/uploads\/2023\/07\/fav.png\",\"contentUrl\":\"https:\/\/comparadorvidencia.com\/wp-content\/uploads\/2023\/07\/fav.png\",\"width\":582,\"height\":582,\"caption\":\"ComparadorVidencia\"},\"image\":{\"@id\":\"https:\/\/comparadorvidencia.com\/#\/schema\/logo\/image\/\"}},{\"@type\":\"Person\",\"@id\":\"https:\/\/comparadorvidencia.com\/#\/schema\/person\/6277d2b6e0248338c3218959d8bc1c9d\",\"name\":\"DGS\",\"image\":{\"@type\":\"ImageObject\",\"inLanguage\":\"es\",\"@id\":\"https:\/\/comparadorvidencia.com\/#\/schema\/person\/image\/\",\"url\":\"https:\/\/secure.gravatar.com\/avatar\/25d3b24071aded18741aac5144c66323?s=96&d=mm&r=g\",\"contentUrl\":\"https:\/\/secure.gravatar.com\/avatar\/25d3b24071aded18741aac5144c66323?s=96&d=mm&r=g\",\"caption\":\"DGS\"}}]}<\/script>\n<!-- \/ Yoast SEO plugin. -->","yoast_head_json":{"title":"Preguntas frecuentes - ComparadorVidencia","description":"\u00bfC\u00f3mo puede ser nuestro sitio la mejor herramienta para encontrar las mejores p\u00e1ginas astrol\u00f3gicas y lecturas?","robots":{"index":"index","follow":"follow","max-snippet":"max-snippet:-1","max-image-preview":"max-image-preview:large","max-video-preview":"max-video-preview:-1"},"canonical":"https:\/\/comparadorvidencia.com\/es\/preguntas-frecuentes\/","og_locale":"es_ES","og_type":"article","og_title":"Preguntas frecuentes - ComparadorVidencia","og_description":"\u00bfC\u00f3mo puede ser nuestro sitio la mejor herramienta para encontrar las mejores p\u00e1ginas astrol\u00f3gicas y lecturas?","og_url":"https:\/\/comparadorvidencia.com\/es\/preguntas-frecuentes\/","og_site_name":"ComparadorVidencia","article_modified_time":"2024-03-26T03:29:45+00:00","twitter_card":"summary_large_image","twitter_misc":{"Tiempo de lectura":"2 minutos"},"schema":{"@context":"https:\/\/schema.org","@graph":[{"@type":["Article","BlogPosting"],"@id":"https:\/\/comparadorvidencia.com\/preguntas-frecuentes\/#article","isPartOf":{"@id":"https:\/\/comparadorvidencia.com\/preguntas-frecuentes\/"},"author":{"name":"DGS","@id":"https:\/\/comparadorvidencia.com\/#\/schema\/person\/6277d2b6e0248338c3218959d8bc1c9d"},"headline":"Preguntas frecuentes","datePublished":"2023-12-29T17:09:36+00:00","dateModified":"2024-03-26T03:29:45+00:00","mainEntityOfPage":{"@id":"https:\/\/comparadorvidencia.com\/preguntas-frecuentes\/"},"wordCount":448,"publisher":{"@id":"https:\/\/comparadorvidencia.com\/#organization"},"inLanguage":"es"},{"@type":"WebPage","@id":"https:\/\/comparadorvidencia.com\/preguntas-frecuentes\/","url":"https:\/\/comparadorvidencia.com\/preguntas-frecuentes\/","name":"Preguntas frecuentes - ComparadorVidencia","isPartOf":{"@id":"https:\/\/comparadorvidencia.com\/#website"},"datePublished":"2023-12-29T17:09:36+00:00","dateModified":"2024-03-26T03:29:45+00:00","description":"\u00bfC\u00f3mo puede ser nuestro sitio la mejor herramienta para encontrar las mejores p\u00e1ginas astrol\u00f3gicas y lecturas?","breadcrumb":{"@id":"https:\/\/comparadorvidencia.com\/preguntas-frecuentes\/#breadcrumb"},"inLanguage":"es","potentialAction":[{"@type":"ReadAction","target":["https:\/\/comparadorvidencia.com\/preguntas-frecuentes\/"]}]},{"@type":"BreadcrumbList","@id":"https:\/\/comparadorvidencia.com\/preguntas-frecuentes\/#breadcrumb","itemListElement":[{"@type":"ListItem","position":1,"name":"Home","item":"https:\/\/comparadorvidencia.com\/es\/"},{"@type":"ListItem","position":2,"name":"Preguntas frecuentes"}]},{"@type":"WebSite","@id":"https:\/\/comparadorvidencia.com\/#website","url":"https:\/\/comparadorvidencia.com\/","name":"ComparadorVidencia","description":"ComparadorVidencia","publisher":{"@id":"https:\/\/comparadorvidencia.com\/#organization"},"alternateName":"ComparadorVidencia","potentialAction":[{"@type":"SearchAction","target":{"@type":"EntryPoint","urlTemplate":"https:\/\/comparadorvidencia.com\/?s={search_term_string}"},"query-input":"required name=search_term_string"}],"inLanguage":"es"},{"@type":"Organization","@id":"https:\/\/comparadorvidencia.com\/#organization","name":"ComparadorVidencia","alternateName":"ComparadorVidencia","url":"https:\/\/comparadorvidencia.com\/","logo":{"@type":"ImageObject","inLanguage":"es","@id":"https:\/\/comparadorvidencia.com\/#\/schema\/logo\/image\/","url":"https:\/\/comparadorvidencia.com\/wp-content\/uploads\/2023\/07\/fav.png","contentUrl":"https:\/\/comparadorvidencia.com\/wp-content\/uploads\/2023\/07\/fav.png","width":582,"height":582,"caption":"ComparadorVidencia"},"image":{"@id":"https:\/\/comparadorvidencia.com\/#\/schema\/logo\/image\/"}},{"@type":"Person","@id":"https:\/\/comparadorvidencia.com\/#\/schema\/person\/6277d2b6e0248338c3218959d8bc1c9d","name":"DGS","image":{"@type":"ImageObject","inLanguage":"es","@id":"https:\/\/comparadorvidencia.com\/#\/schema\/person\/image\/","url":"https:\/\/secure.gravatar.com\/avatar\/25d3b24071aded18741aac5144c66323?s=96&d=mm&r=g","contentUrl":"https:\/\/secure.gravatar.com\/avatar\/25d3b24071aded18741aac5144c66323?s=96&d=mm&r=g","caption":"DGS"}}]}},"_links":{"self":[{"href":"https:\/\/comparadorvidencia.com\/es\/wp-json\/wp\/v2\/pages\/2223","targetHints":{"allow":["GET"]}}],"collection":[{"href":"https:\/\/comparadorvidencia.com\/es\/wp-json\/wp\/v2\/pages"}],"about":[{"href":"https:\/\/comparadorvidencia.com\/es\/wp-json\/wp\/v2\/types\/page"}],"author":[{"embeddable":true,"href":"https:\/\/comparadorvidencia.com\/es\/wp-json\/wp\/v2\/users\/4"}],"replies":[{"embeddable":true,"href":"https:\/\/comparadorvidencia.com\/es\/wp-json\/wp\/v2\/comments?post=2223"}],"version-history":[{"count":6,"href":"https:\/\/comparadorvidencia.com\/es\/wp-json\/wp\/v2\/pages\/2223\/revisions"}],"predecessor-version":[{"id":2238,"href":"https:\/\/comparadorvidencia.com\/es\/wp-json\/wp\/v2\/pages\/2223\/revisions\/2238"}],"wp:attachment":[{"href":"https:\/\/comparadorvidencia.com\/es\/wp-json\/wp\/v2\/media?parent=2223"}],"wp:term":[{"taxonomy":"page-type","embeddable":true,"href":"https:\/\/comparadorvidencia.com\/es\/wp-json\/wp\/v2\/page-type?post=2223"}],"curies":[{"name":"wp","href":"https:\/\/api.w.org\/{rel}","templated":true}]}}