{"id":544,"date":"2022-10-17T03:52:45","date_gmt":"2022-10-17T03:52:45","guid":{"rendered":"https:\/\/comparison.hoieothon.com\/?page_id=544"},"modified":"2023-08-10T14:47:35","modified_gmt":"2023-08-10T12:47:35","slug":"sobre-nosotros","status":"publish","type":"page","link":"https:\/\/comparadorvidencia.com\/es\/sobre-nosotros\/","title":{"rendered":"Sobre nosotros"},"content":{"rendered":"<h3><span style=\"vertical-align: inherit;\"><span style=\"vertical-align: inherit;\">ComparatorVidencia c&rsquo;est quoi ?<\/span><\/span><\/h3>\n<p><span style=\"vertical-align: inherit;\"><span style=\"vertical-align: inherit;\">ComparadorVidencia es un comparador de sitios de viajes independiente y totalmente gratuito. <\/span><span style=\"vertical-align: inherit;\">Nos esforzamos por acompa\u00f1arte en tu b\u00fasqueda de los practicantes m\u00e1s calificados, como videntes, m\u00e9diums, astr\u00f3logos, tarotistas, cartom\u00e1nticos y numer\u00f3logos.<\/span><\/span><\/p>\n<p><span style=\"vertical-align: inherit;\"><span style=\"vertical-align: inherit;\">Nous avons soigneusement \u00e9tudi\u00e9 et choisi pour vous les platformes de voyance et du monde \u00e9sot\u00e9riques les most reliable, garantisant l&rsquo;acc\u00e8s \u00e0 des voyants et experts s\u00e9rieux, ainsi qu&rsquo;\u00e0 des consultations s\u00e9curis\u00e9es.<\/span><\/span><\/p>\n<p><span style=\"vertical-align: inherit;\"><span style=\"vertical-align: inherit;\">Une consultation de voyance peut \u00eatre une exp\u00e9rience unique et significant, n\u00e9cessitant confidence et confidentialit\u00e9 lorsque l&rsquo;on se confie \u00e0 quelqu&rsquo;un que l&rsquo;on ne conna\u00eet pas, recherchant des conseils \u00e9clair\u00e9s pour l&rsquo;avenir.<\/span><\/span><\/p>\n<p><span style=\"vertical-align: inherit;\"><span style=\"vertical-align: inherit;\">Gracias a ComparadorVidencia, nuestro objetivo es orientarte y brindarte todas las oportunidades para que esta experiencia sea lo m\u00e1s serena y satisfactoria posible.<\/span><\/span><\/p>\n<h3><span style=\"vertical-align: inherit;\"><span style=\"vertical-align: inherit;\">\u00bfCon qu\u00e9 prop\u00f3sito ComparatorVidencia?<\/span><\/span><\/h3>\n<p><span style=\"vertical-align: inherit;\"><span style=\"vertical-align: inherit;\">ComparadorVidencia a \u00e9t\u00e9 cr\u00e9\u00e9 pour r\u00e9pondre aux besoins d&rsquo;information des utilisateurs \u00e0 la recherche de critiques et de recommendations objectivees afin de trouver le praticien ou l&rsquo;expert id\u00e9al dans les domaines de la voyance, des arts divinatoires et de l&rsquo;univers \u00e9sot\u00e9rique. <\/span><span style=\"vertical-align: inherit;\">La mayor\u00eda de las plataformas de videncia se concentran generalmente en un aspecto \u00fanico y raramente en dos. <\/span><span style=\"vertical-align: inherit;\">Nuestra misi\u00f3n consta de cuatro evaluaciones exhaustivas realizadas por especialistas y expertos independientes. <\/span><span style=\"vertical-align: inherit;\">These evaluations on the principal objective of guiding the users for the multitude of options and the variety of products and services proposed by the esoteric platformers, who are the magicians of voyance, of mediumship, of astrology, of tarot, of cartomancy , of numerology, of magnetism or d&rsquo;interpr\u00e9tation des r\u00eaves.<\/span><\/span><\/p>\n<p><span style=\"vertical-align: inherit;\"><span style=\"vertical-align: inherit;\">Nuestro objetivo principal es permitir a los usuarios comparar y elegir r\u00e1pidamente el sitio que cumpla con criterios objetivos de calidad y seguridad mediante nuestras comparaciones y evaluaciones detalladas de cada plataforma. <\/span><span style=\"vertical-align: inherit;\">Nuestros esfuerzos para brindar un contenido \u00fatil a nuestros visitantes, ayudarlos as\u00ed a encontrar el sitio de videncia que mejor se adapte a sus necesidades de consulta, al mismo tiempo que evita las pr\u00e1cticas fraudulentas y las estafas de ciertos sitios. <\/span><span style=\"vertical-align: inherit;\">Hemos seleccionado y examinado los mejores sitios de videncia  en l\u00ednea en cada \u00e1rea de las artes divinatoires, que luego hemos clasificado en categor\u00edas: videncia , astrolog\u00eda, tarot, cartomancia, numerolog\u00eda, magnetismo e interpretaci\u00f3n de los sue\u00f1os.<\/span><\/span><\/p>\n<p><span style=\"vertical-align: inherit;\"><span style=\"vertical-align: inherit;\">Tambi\u00e9n te ofrecemos clasificaciones, comparativas, gu\u00edas pr\u00e1cticas, art\u00edculos y noticias sobre la videncia  en l\u00ednea y el mundo esot\u00e9rico en general, destinados a personas experimentadas o que deseen familiarizarse con este campo.<\/span><\/span><\/p>\n<p><span style=\"vertical-align: inherit;\"><span style=\"vertical-align: inherit;\">Para cada categor\u00eda (videncia, astrolog\u00eda, tarot, cartomancia, numerolog\u00eda, magnetismo e interpretaci\u00f3n de los sue\u00f1os), encontrar\u00e1s:<\/span><\/span><\/p>\n<h3><strong><span style=\"vertical-align: inherit;\"><span style=\"vertical-align: inherit;\">Una clasificaci\u00f3n de sitios de viajes en l\u00ednea por categor\u00eda.<\/span><\/span><\/strong><\/h3>\n<p><span style=\"vertical-align: inherit;\"><span style=\"vertical-align: inherit;\">Los sitios est\u00e1n clasificados y listados seg\u00fan la calidad de los servicios, la ergonom\u00eda del sitio, las tarifas, el n\u00famero de pasajeros disponibles, las diferentes formas de ofertas de viaje, las ofertas promocionales en t\u00e9rminos de viajes y astrolog\u00eda, los m\u00e9todos de consulta y las opciones de pago propuestas a los usuarios.<\/span><\/span><\/p>\n<h3><strong><span style=\"vertical-align: inherit;\"><span style=\"vertical-align: inherit;\">Modos de consulta<\/span><\/span><\/strong><\/h3>\n<p><span style=\"vertical-align: inherit;\"><span style=\"vertical-align: inherit;\">Para verificar el sitio de videncia , ComparadorVidencia indica los diferentes modos de consulta propuestos por los sitios de Videncia, Astrolog\u00eda y Numerolog\u00eda: por tel\u00e9fono, por chat, por correo electr\u00f3nico, por c\u00e1mara web o por SMS, que ofrecen los sitios de videncia a sus clientes y futuros clientes.<\/span><\/span><\/p>\n<h3><strong><span style=\"vertical-align: inherit;\"><span style=\"vertical-align: inherit;\">Ofertas promocionales de videncia<\/span><\/span><\/strong><\/h3>\n<p><span style=\"vertical-align: inherit;\"><span style=\"vertical-align: inherit;\">Esta iniciativa le permite conocer las mejores ofertas del momento ofrecidas por los diferentes sitios de videncia. <\/span><span style=\"vertical-align: inherit;\">Minute offers or reduction in pourcentage, it is toujours apr\u00e9ciable de profiter d&rsquo;une offer pour vous lancer sur une premiere consultation voyance.<\/span><\/span><\/p>\n<h3><strong><span style=\"vertical-align: inherit;\"><span style=\"vertical-align: inherit;\">M\u00e9todos de Pago<\/span><\/span><\/strong><\/h3>\n<p><span style=\"vertical-align: inherit;\"><span style=\"vertical-align: inherit;\">Les moyens de paiement propos\u00e9s por los sitios de voyance sont una elemento importante, carte bancaire, Paypal ou appels surtax\u00e9s, autant d&rsquo;\u00e9l\u00e9ments an\u00e1lis\u00e9s par ComparadorVidencia to make the best decision and choose the best site.<\/span><\/span><\/p>\n<h3><span style=\"vertical-align: inherit;\"><span style=\"vertical-align: inherit;\">gu\u00eda de la videncia<\/span><\/span><\/h3>\n<p><span style=\"vertical-align: inherit;\"><span style=\"vertical-align: inherit;\">ComparadorVidencia proposes a section entitled \u00ab\u00a0Guide\u00a0\u00bb, or you can find all the advice and recommendations for well d\u00e9marrer your first consultation of travel, choose the good traveler or site of travel, give your budget for consultations, use promotional offers from sites of Voyance en ligne, s\u00e9lectionner la m\u00e9thode de consultation adapt\u00e9e, et bien plus encore !<\/span><\/span><\/p>\n<h3><span style=\"vertical-align: inherit;\"><span style=\"vertical-align: inherit;\">Anuncios clasificados del mundo de la Videncia<\/span><\/span><\/h3>\n<p><span style=\"vertical-align: inherit;\"><span style=\"vertical-align: inherit;\">In this section, you have the possibility of consulting or publishing the small announcements for the job offers or the job search, the sales or the chats of the sites, platforms or cabinets of travel, partnerships and the publicity in Dans le domaine de la voyance ou de l&rsquo;esot\u00e9risme.<\/span><\/span><\/p>","protected":false},"excerpt":{"rendered":"<p>ComparatorVidencia c&rsquo;est quoi ? ComparadorVidencia is a comparator of travel sites independent and totally free. Nous nous effor\u00e7ons de vous acompagner dans votre qu\u00eate des practiciens les plus qualifi\u00e9s tels que voyants, mediums, astrologues, tarologues, cartomanciens et num\u00e9rologues. Nous avons soigneusement \u00e9tudi\u00e9 et choisi pour vous les platformes de voyance et du monde \u00e9sot\u00e9riques les [&hellip;]<\/p>","protected":false},"author":2,"featured_media":0,"parent":0,"menu_order":0,"comment_status":"closed","ping_status":"closed","template":"","meta":{"inline_featured_image":false,"footnotes":""},"page-type":[],"class_list":["post-544","page","type-page","status-publish","hentry"],"acf":[],"yoast_head":"<!-- This site is optimized with the Yoast SEO plugin v20.8 - https:\/\/yoast.com\/wordpress\/plugins\/seo\/ -->\n<title>Sobre nosotros<\/title>\n<meta name=\"description\" content=\"ComparadorVidencia: Compara gratis los mejores sitios de videncia. Encuentra expertos en videntes, m\u00e9diums, astr\u00f3logos, tarotistas y numer\u00f3logos.\" \/>\n<meta name=\"robots\" content=\"index, follow, max-snippet:-1, max-image-preview:large, max-video-preview:-1\" \/>\n<link rel=\"canonical\" href=\"https:\/\/comparadorvidencia.com\/es\/sobre-nosotros\/\" \/>\n<meta property=\"og:locale\" content=\"es_ES\" \/>\n<meta property=\"og:type\" content=\"article\" \/>\n<meta property=\"og:title\" content=\"Sobre nosotros\" \/>\n<meta property=\"og:description\" content=\"ComparadorVidencia: Compara gratis los mejores sitios de videncia. Encuentra expertos en videntes, m\u00e9diums, astr\u00f3logos, tarotistas y numer\u00f3logos.\" \/>\n<meta property=\"og:url\" content=\"https:\/\/comparadorvidencia.com\/es\/sobre-nosotros\/\" \/>\n<meta property=\"og:site_name\" content=\"ComparadorVidencia\" \/>\n<meta property=\"article:modified_time\" content=\"2023-08-10T12:47:35+00:00\" \/>\n<meta name=\"twitter:card\" content=\"summary_large_image\" \/>\n<meta name=\"twitter:label1\" content=\"Tiempo de lectura\" \/>\n\t<meta name=\"twitter:data1\" content=\"4 minutos\" \/>\n<script type=\"application\/ld+json\" class=\"yoast-schema-graph\">{\"@context\":\"https:\/\/schema.org\",\"@graph\":[{\"@type\":\"WebPage\",\"@id\":\"https:\/\/comparadorvidencia.com\/sobre-nosotros\/\",\"url\":\"https:\/\/comparadorvidencia.com\/sobre-nosotros\/\",\"name\":\"Sobre nosotros\",\"isPartOf\":{\"@id\":\"https:\/\/comparadorvidencia.com\/#website\"},\"datePublished\":\"2022-10-17T03:52:45+00:00\",\"dateModified\":\"2023-08-10T12:47:35+00:00\",\"description\":\"ComparadorVidencia: Compara gratis los mejores sitios de videncia. Encuentra expertos en videntes, m\u00e9diums, astr\u00f3logos, tarotistas y numer\u00f3logos.\",\"breadcrumb\":{\"@id\":\"https:\/\/comparadorvidencia.com\/sobre-nosotros\/#breadcrumb\"},\"inLanguage\":\"es\",\"potentialAction\":[{\"@type\":\"ReadAction\",\"target\":[\"https:\/\/comparadorvidencia.com\/sobre-nosotros\/\"]}]},{\"@type\":\"BreadcrumbList\",\"@id\":\"https:\/\/comparadorvidencia.com\/sobre-nosotros\/#breadcrumb\",\"itemListElement\":[{\"@type\":\"ListItem\",\"position\":1,\"name\":\"Home\",\"item\":\"https:\/\/comparadorvidencia.com\/es\/\"},{\"@type\":\"ListItem\",\"position\":2,\"name\":\"A Propos De Nous\"}]},{\"@type\":\"WebSite\",\"@id\":\"https:\/\/comparadorvidencia.com\/#website\",\"url\":\"https:\/\/comparadorvidencia.com\/\",\"name\":\"ComparadorVidencia\",\"description\":\"ComparadorVidencia\",\"publisher\":{\"@id\":\"https:\/\/comparadorvidencia.com\/#organization\"},\"alternateName\":\"ComparadorVidencia\",\"potentialAction\":[{\"@type\":\"SearchAction\",\"target\":{\"@type\":\"EntryPoint\",\"urlTemplate\":\"https:\/\/comparadorvidencia.com\/?s={search_term_string}\"},\"query-input\":\"required name=search_term_string\"}],\"inLanguage\":\"es\"},{\"@type\":\"Organization\",\"@id\":\"https:\/\/comparadorvidencia.com\/#organization\",\"name\":\"ComparadorVidencia\",\"alternateName\":\"ComparadorVidencia\",\"url\":\"https:\/\/comparadorvidencia.com\/\",\"logo\":{\"@type\":\"ImageObject\",\"inLanguage\":\"es\",\"@id\":\"https:\/\/comparadorvidencia.com\/#\/schema\/logo\/image\/\",\"url\":\"https:\/\/comparadorvidencia.com\/wp-content\/uploads\/2023\/07\/fav.png\",\"contentUrl\":\"https:\/\/comparadorvidencia.com\/wp-content\/uploads\/2023\/07\/fav.png\",\"width\":582,\"height\":582,\"caption\":\"ComparadorVidencia\"},\"image\":{\"@id\":\"https:\/\/comparadorvidencia.com\/#\/schema\/logo\/image\/\"}}]}<\/script>\n<!-- \/ Yoast SEO plugin. -->","yoast_head_json":{"title":"Sobre nosotros","description":"ComparadorVidencia: Compara gratis los mejores sitios de videncia. Encuentra expertos en videntes, m\u00e9diums, astr\u00f3logos, tarotistas y numer\u00f3logos.","robots":{"index":"index","follow":"follow","max-snippet":"max-snippet:-1","max-image-preview":"max-image-preview:large","max-video-preview":"max-video-preview:-1"},"canonical":"https:\/\/comparadorvidencia.com\/es\/sobre-nosotros\/","og_locale":"es_ES","og_type":"article","og_title":"Sobre nosotros","og_description":"ComparadorVidencia: Compara gratis los mejores sitios de videncia. Encuentra expertos en videntes, m\u00e9diums, astr\u00f3logos, tarotistas y numer\u00f3logos.","og_url":"https:\/\/comparadorvidencia.com\/es\/sobre-nosotros\/","og_site_name":"ComparadorVidencia","article_modified_time":"2023-08-10T12:47:35+00:00","twitter_card":"summary_large_image","twitter_misc":{"Tiempo de lectura":"4 minutos"},"schema":{"@context":"https:\/\/schema.org","@graph":[{"@type":"WebPage","@id":"https:\/\/comparadorvidencia.com\/sobre-nosotros\/","url":"https:\/\/comparadorvidencia.com\/sobre-nosotros\/","name":"Sobre nosotros","isPartOf":{"@id":"https:\/\/comparadorvidencia.com\/#website"},"datePublished":"2022-10-17T03:52:45+00:00","dateModified":"2023-08-10T12:47:35+00:00","description":"ComparadorVidencia: Compara gratis los mejores sitios de videncia. Encuentra expertos en videntes, m\u00e9diums, astr\u00f3logos, tarotistas y numer\u00f3logos.","breadcrumb":{"@id":"https:\/\/comparadorvidencia.com\/sobre-nosotros\/#breadcrumb"},"inLanguage":"es","potentialAction":[{"@type":"ReadAction","target":["https:\/\/comparadorvidencia.com\/sobre-nosotros\/"]}]},{"@type":"BreadcrumbList","@id":"https:\/\/comparadorvidencia.com\/sobre-nosotros\/#breadcrumb","itemListElement":[{"@type":"ListItem","position":1,"name":"Home","item":"https:\/\/comparadorvidencia.com\/es\/"},{"@type":"ListItem","position":2,"name":"A Propos De Nous"}]},{"@type":"WebSite","@id":"https:\/\/comparadorvidencia.com\/#website","url":"https:\/\/comparadorvidencia.com\/","name":"ComparadorVidencia","description":"ComparadorVidencia","publisher":{"@id":"https:\/\/comparadorvidencia.com\/#organization"},"alternateName":"ComparadorVidencia","potentialAction":[{"@type":"SearchAction","target":{"@type":"EntryPoint","urlTemplate":"https:\/\/comparadorvidencia.com\/?s={search_term_string}"},"query-input":"required name=search_term_string"}],"inLanguage":"es"},{"@type":"Organization","@id":"https:\/\/comparadorvidencia.com\/#organization","name":"ComparadorVidencia","alternateName":"ComparadorVidencia","url":"https:\/\/comparadorvidencia.com\/","logo":{"@type":"ImageObject","inLanguage":"es","@id":"https:\/\/comparadorvidencia.com\/#\/schema\/logo\/image\/","url":"https:\/\/comparadorvidencia.com\/wp-content\/uploads\/2023\/07\/fav.png","contentUrl":"https:\/\/comparadorvidencia.com\/wp-content\/uploads\/2023\/07\/fav.png","width":582,"height":582,"caption":"ComparadorVidencia"},"image":{"@id":"https:\/\/comparadorvidencia.com\/#\/schema\/logo\/image\/"}}]}},"_links":{"self":[{"href":"https:\/\/comparadorvidencia.com\/es\/wp-json\/wp\/v2\/pages\/544","targetHints":{"allow":["GET"]}}],"collection":[{"href":"https:\/\/comparadorvidencia.com\/es\/wp-json\/wp\/v2\/pages"}],"about":[{"href":"https:\/\/comparadorvidencia.com\/es\/wp-json\/wp\/v2\/types\/page"}],"author":[{"embeddable":true,"href":"https:\/\/comparadorvidencia.com\/es\/wp-json\/wp\/v2\/users\/2"}],"replies":[{"embeddable":true,"href":"https:\/\/comparadorvidencia.com\/es\/wp-json\/wp\/v2\/comments?post=544"}],"version-history":[{"count":16,"href":"https:\/\/comparadorvidencia.com\/es\/wp-json\/wp\/v2\/pages\/544\/revisions"}],"predecessor-version":[{"id":2161,"href":"https:\/\/comparadorvidencia.com\/es\/wp-json\/wp\/v2\/pages\/544\/revisions\/2161"}],"wp:attachment":[{"href":"https:\/\/comparadorvidencia.com\/es\/wp-json\/wp\/v2\/media?parent=544"}],"wp:term":[{"taxonomy":"page-type","embeddable":true,"href":"https:\/\/comparadorvidencia.com\/es\/wp-json\/wp\/v2\/page-type?post=544"}],"curies":[{"name":"wp","href":"https:\/\/api.w.org\/{rel}","templated":true}]}}