{"id":550,"date":"2022-10-17T04:00:51","date_gmt":"2022-10-17T04:00:51","guid":{"rendered":"https:\/\/comparison.hoieothon.com\/?page_id=550"},"modified":"2023-06-13T15:29:58","modified_gmt":"2023-06-13T13:29:58","slug":"politica-de-privacidad","status":"publish","type":"page","link":"https:\/\/comparadorvidencia.com\/es\/politica-de-privacidad\/","title":{"rendered":"Pol\u00edtica de privacidad"},"content":{"rendered":"<p>ComparadorX respecte votre vie priv\u00e9e et s&rsquo;engage \u00e0 prot\u00e9ger les informations que vous nous fournissez lorsque vous utilisez notre site web et nos services. Cette politique de confidentialit\u00e9 explique comment nous collectons, utilisons et prot\u00e9geons vos informations personnelles.<\/p>\n<p>Cookies<\/p>\n<p>Nuestro sitio web utiliza cookies para mejorar su experiencia de usuario. Las cookies son peque\u00f1os archivos de texto que se almacenan en su ordenador y nos permiten reconocerle en su pr\u00f3xima visita. Puede desactivar las cookies en la configuraci\u00f3n de su navegador si as\u00ed lo desea.<\/p>\n<p>Modificaci\u00f3n de la pol\u00edtica de privacidad.<\/p>\n<p>Podemos actualizar la pol\u00edtica de privacidad al publicar una versi\u00f3n actualizada en nuestro sitio web. Por favor, consulte esta p\u00e1gina regularmente para mantenerse informado sobre cualquier cambio.<\/p>\n<p>Cont\u00e1ctenos<\/p>\n<p>Si vous avez des questions ou des pr\u00e9occupations concernant notre politique de confidentialit\u00e9, n&rsquo;h\u00e9sitez pas \u00e0 nous contacter via la page \u00a0\u00bb Contact \u00ab\u00a0.<\/p>\n<p>\u00daltima actualizaci\u00f3n: junio de 2023<\/p>","protected":false},"excerpt":{"rendered":"<p>ComparadorX respecte votre vie priv\u00e9e et s&rsquo;engage \u00e0 prot\u00e9ger les informations que vous nous fournissez lorsque vous utilisez notre site web et nos services. Cette politique de confidentialit\u00e9 explique comment nous collectons, utilisons et prot\u00e9geons vos informations personnelles. Cookies Notre site web utilise des cookies pour am\u00e9liorer votre exp\u00e9rience utilisateur. Les cookies sont de petits [&hellip;]<\/p>","protected":false},"author":2,"featured_media":0,"parent":0,"menu_order":0,"comment_status":"closed","ping_status":"closed","template":"","meta":{"inline_featured_image":false,"footnotes":""},"page-type":[],"class_list":["post-550","page","type-page","status-publish","hentry"],"acf":[],"yoast_head":"<!-- This site is optimized with the Yoast SEO plugin v20.8 - https:\/\/yoast.com\/wordpress\/plugins\/seo\/ -->\n<title>Pol\u00edtica De Privacidad - ComparadorVidencia<\/title>\n<meta name=\"description\" content=\"ComparadorVidencia: Privacidad garantizada y protecci\u00f3n de datos. Pol\u00edtica de cookies y actualizaciones.\" \/>\n<meta name=\"robots\" content=\"index, follow, max-snippet:-1, max-image-preview:large, max-video-preview:-1\" \/>\n<link rel=\"canonical\" href=\"https:\/\/comparadorx.com\/politica-de-privacidad\/\" \/>\n<meta property=\"og:locale\" content=\"es_ES\" \/>\n<meta property=\"og:type\" content=\"article\" \/>\n<meta property=\"og:title\" content=\"Pol\u00edtica De Privacidad - ComparadorVidencia\" \/>\n<meta property=\"og:description\" content=\"ComparadorVidencia: Privacidad garantizada y protecci\u00f3n de datos. Pol\u00edtica de cookies y actualizaciones.\" \/>\n<meta property=\"og:url\" content=\"https:\/\/comparadorx.com\/politica-de-privacidad\/\" \/>\n<meta property=\"og:site_name\" content=\"ComparadorVidencia\" \/>\n<meta property=\"article:modified_time\" content=\"2023-06-13T13:29:58+00:00\" \/>\n<meta name=\"twitter:card\" content=\"summary_large_image\" \/>\n<meta name=\"twitter:label1\" content=\"Tiempo de lectura\" \/>\n\t<meta name=\"twitter:data1\" content=\"1 minuto\" \/>\n<script type=\"application\/ld+json\" class=\"yoast-schema-graph\">{\"@context\":\"https:\/\/schema.org\",\"@graph\":[{\"@type\":\"WebPage\",\"@id\":\"https:\/\/comparadorx.com\/politica-de-privacidad\/\",\"url\":\"https:\/\/comparadorx.com\/politica-de-privacidad\/\",\"name\":\"Pol\u00edtica De Privacidad - ComparadorVidencia\",\"isPartOf\":{\"@id\":\"https:\/\/comparadorvidencia.com\/#website\"},\"datePublished\":\"2022-10-17T04:00:51+00:00\",\"dateModified\":\"2023-06-13T13:29:58+00:00\",\"description\":\"ComparadorVidencia: Privacidad garantizada y protecci\u00f3n de datos. Pol\u00edtica de cookies y actualizaciones.\",\"breadcrumb\":{\"@id\":\"https:\/\/comparadorx.com\/politica-de-privacidad\/#breadcrumb\"},\"inLanguage\":\"es\",\"potentialAction\":[{\"@type\":\"ReadAction\",\"target\":[\"https:\/\/comparadorx.com\/politica-de-privacidad\/\"]}]},{\"@type\":\"BreadcrumbList\",\"@id\":\"https:\/\/comparadorx.com\/politica-de-privacidad\/#breadcrumb\",\"itemListElement\":[{\"@type\":\"ListItem\",\"position\":1,\"name\":\"Home\",\"item\":\"https:\/\/comparadorvidencia.com\/es\/\"},{\"@type\":\"ListItem\",\"position\":2,\"name\":\"Politique De Confidentialit\u00e9\"}]},{\"@type\":\"WebSite\",\"@id\":\"https:\/\/comparadorvidencia.com\/#website\",\"url\":\"https:\/\/comparadorvidencia.com\/\",\"name\":\"ComparadorVidencia\",\"description\":\"ComparadorVidencia\",\"publisher\":{\"@id\":\"https:\/\/comparadorvidencia.com\/#organization\"},\"alternateName\":\"ComparadorVidencia\",\"potentialAction\":[{\"@type\":\"SearchAction\",\"target\":{\"@type\":\"EntryPoint\",\"urlTemplate\":\"https:\/\/comparadorvidencia.com\/?s={search_term_string}\"},\"query-input\":\"required name=search_term_string\"}],\"inLanguage\":\"es\"},{\"@type\":\"Organization\",\"@id\":\"https:\/\/comparadorvidencia.com\/#organization\",\"name\":\"ComparadorVidencia\",\"alternateName\":\"ComparadorVidencia\",\"url\":\"https:\/\/comparadorvidencia.com\/\",\"logo\":{\"@type\":\"ImageObject\",\"inLanguage\":\"es\",\"@id\":\"https:\/\/comparadorvidencia.com\/#\/schema\/logo\/image\/\",\"url\":\"https:\/\/comparadorvidencia.com\/wp-content\/uploads\/2023\/07\/fav.png\",\"contentUrl\":\"https:\/\/comparadorvidencia.com\/wp-content\/uploads\/2023\/07\/fav.png\",\"width\":582,\"height\":582,\"caption\":\"ComparadorVidencia\"},\"image\":{\"@id\":\"https:\/\/comparadorvidencia.com\/#\/schema\/logo\/image\/\"}}]}<\/script>\n<!-- \/ Yoast SEO plugin. -->","yoast_head_json":{"title":"Pol\u00edtica De Privacidad - ComparadorVidencia","description":"ComparadorVidencia: Privacidad garantizada y protecci\u00f3n de datos. Pol\u00edtica de cookies y actualizaciones.","robots":{"index":"index","follow":"follow","max-snippet":"max-snippet:-1","max-image-preview":"max-image-preview:large","max-video-preview":"max-video-preview:-1"},"canonical":"https:\/\/comparadorx.com\/politica-de-privacidad\/","og_locale":"es_ES","og_type":"article","og_title":"Pol\u00edtica De Privacidad - ComparadorVidencia","og_description":"ComparadorVidencia: Privacidad garantizada y protecci\u00f3n de datos. Pol\u00edtica de cookies y actualizaciones.","og_url":"https:\/\/comparadorx.com\/politica-de-privacidad\/","og_site_name":"ComparadorVidencia","article_modified_time":"2023-06-13T13:29:58+00:00","twitter_card":"summary_large_image","twitter_misc":{"Tiempo de lectura":"1 minuto"},"schema":{"@context":"https:\/\/schema.org","@graph":[{"@type":"WebPage","@id":"https:\/\/comparadorx.com\/politica-de-privacidad\/","url":"https:\/\/comparadorx.com\/politica-de-privacidad\/","name":"Pol\u00edtica De Privacidad - ComparadorVidencia","isPartOf":{"@id":"https:\/\/comparadorvidencia.com\/#website"},"datePublished":"2022-10-17T04:00:51+00:00","dateModified":"2023-06-13T13:29:58+00:00","description":"ComparadorVidencia: Privacidad garantizada y protecci\u00f3n de datos. Pol\u00edtica de cookies y actualizaciones.","breadcrumb":{"@id":"https:\/\/comparadorx.com\/politica-de-privacidad\/#breadcrumb"},"inLanguage":"es","potentialAction":[{"@type":"ReadAction","target":["https:\/\/comparadorx.com\/politica-de-privacidad\/"]}]},{"@type":"BreadcrumbList","@id":"https:\/\/comparadorx.com\/politica-de-privacidad\/#breadcrumb","itemListElement":[{"@type":"ListItem","position":1,"name":"Home","item":"https:\/\/comparadorvidencia.com\/es\/"},{"@type":"ListItem","position":2,"name":"Politique De Confidentialit\u00e9"}]},{"@type":"WebSite","@id":"https:\/\/comparadorvidencia.com\/#website","url":"https:\/\/comparadorvidencia.com\/","name":"ComparadorVidencia","description":"ComparadorVidencia","publisher":{"@id":"https:\/\/comparadorvidencia.com\/#organization"},"alternateName":"ComparadorVidencia","potentialAction":[{"@type":"SearchAction","target":{"@type":"EntryPoint","urlTemplate":"https:\/\/comparadorvidencia.com\/?s={search_term_string}"},"query-input":"required name=search_term_string"}],"inLanguage":"es"},{"@type":"Organization","@id":"https:\/\/comparadorvidencia.com\/#organization","name":"ComparadorVidencia","alternateName":"ComparadorVidencia","url":"https:\/\/comparadorvidencia.com\/","logo":{"@type":"ImageObject","inLanguage":"es","@id":"https:\/\/comparadorvidencia.com\/#\/schema\/logo\/image\/","url":"https:\/\/comparadorvidencia.com\/wp-content\/uploads\/2023\/07\/fav.png","contentUrl":"https:\/\/comparadorvidencia.com\/wp-content\/uploads\/2023\/07\/fav.png","width":582,"height":582,"caption":"ComparadorVidencia"},"image":{"@id":"https:\/\/comparadorvidencia.com\/#\/schema\/logo\/image\/"}}]}},"_links":{"self":[{"href":"https:\/\/comparadorvidencia.com\/es\/wp-json\/wp\/v2\/pages\/550","targetHints":{"allow":["GET"]}}],"collection":[{"href":"https:\/\/comparadorvidencia.com\/es\/wp-json\/wp\/v2\/pages"}],"about":[{"href":"https:\/\/comparadorvidencia.com\/es\/wp-json\/wp\/v2\/types\/page"}],"author":[{"embeddable":true,"href":"https:\/\/comparadorvidencia.com\/es\/wp-json\/wp\/v2\/users\/2"}],"replies":[{"embeddable":true,"href":"https:\/\/comparadorvidencia.com\/es\/wp-json\/wp\/v2\/comments?post=550"}],"version-history":[{"count":13,"href":"https:\/\/comparadorvidencia.com\/es\/wp-json\/wp\/v2\/pages\/550\/revisions"}],"predecessor-version":[{"id":1911,"href":"https:\/\/comparadorvidencia.com\/es\/wp-json\/wp\/v2\/pages\/550\/revisions\/1911"}],"wp:attachment":[{"href":"https:\/\/comparadorvidencia.com\/es\/wp-json\/wp\/v2\/media?parent=550"}],"wp:term":[{"taxonomy":"page-type","embeddable":true,"href":"https:\/\/comparadorvidencia.com\/es\/wp-json\/wp\/v2\/page-type?post=550"}],"curies":[{"name":"wp","href":"https:\/\/api.w.org\/{rel}","templated":true}]}}